{"id":6058,"date":"2025-12-20T10:49:15","date_gmt":"2025-12-20T08:49:15","guid":{"rendered":"https:\/\/www.matkailutoimittajienkilta.fi\/blog\/?page_id=6058"},"modified":"2025-12-20T10:51:56","modified_gmt":"2025-12-20T08:51:56","slug":"matkailutoimittajien-killan-code-of-conduct","status":"publish","type":"page","link":"https:\/\/www.matkailutoimittajienkilta.fi\/blog\/sample-page\/matkailutoimittajien-killan-code-of-conduct\/","title":{"rendered":"Matkailutoimittajien Killan Code of Conduct"},"content":{"rendered":"<h3>Matkailutoimittajien Killan toiminnan tarkoituksena on saada ihmiset erilaisista l\u00e4ht\u00f6kohdista yhteen saumattomasti. Jotta pystymme onnistumaan yhdistyksemme kehitt\u00e4misess\u00e4 nyt ja tulevaisuudessa, t\u00e4ytyy toimintaa rakentaa siten, ett\u00e4 kaikille toimijoille ja j\u00e4senist\u00f6llemme on selv\u00e4\u00e4, mink\u00e4laista k\u00e4yt\u00f6st\u00e4 heilt\u00e4 odotetaan ja millaisia s\u00e4\u00e4nt\u00f6j\u00e4 heid\u00e4n tulee noudattaa Matkailutoimittajien Killan toimintaan osallistumalla.<\/h3>\n<p>Code of Conduct eli toimintaopas h\u00e4irint\u00e4\u00e4n ja ep\u00e4asialliseen k\u00e4ytt\u00e4ytymiseen puuttumiseen on ohjenuora yhdistyksen j\u00e4senille sek\u00e4 muille osallistuville. Opasta sovelletaan Matkailutoimittajien Killan\u00a0 toiminnassa ja tapahtumien yhteydess\u00e4. Kaikkien viihtyvyyden takaamiseksi yhteiset pelis\u00e4\u00e4nn\u00f6t on t\u00e4rke\u00e4 olla olemassa.<\/p>\n<p>Matkailutoimittajien Killan CoC:n\u00a0 tarkoituksena on luoda puitteet, joissa kaikki osallistujat voivat kokea itsens\u00e4 yhdenvertaisiksi ja tervetulleiksi osaksi yhteis\u00f6\u00e4.<\/p>\n<h3>H\u00e4irint\u00e4 ja ep\u00e4asiallinen k\u00e4yt\u00f6s<\/h3>\n<p>Matkailutoimittajien Killan toimintaan ja tapahtumiin osallistuvat henkil\u00f6t ovat monesti erilaisista l\u00e4ht\u00f6kohdista tulevia ja erilaisia mielipiteit\u00e4, ideologioita ja identiteettej\u00e4 omaavia henkil\u00f6it\u00e4. Kun monenkirjava joukko ihmisi\u00e4 osallistuu yhdess\u00e4 toimintaan ja tapahtumaan, voi h\u00e4irint\u00e4\u00e4 ja syrjint\u00e4\u00e4 tapahtua huomaamattakin. Jokaisen ilmaisun ja mielipiteen vapauden kunnioittaminen on ensi askel syrjim\u00e4tt\u00f6m\u00e4\u00e4n ja h\u00e4irint\u00e4vapaaseen tapahtumaan.<\/p>\n<p>Jokainen kokee h\u00e4irinn\u00e4n eri tavalla, ei ole yksiselitteist\u00e4 tapaa m\u00e4\u00e4ritell\u00e4 henkil\u00f6n kokemuksia. Toiselle vitsi voi olla harmiton ja hauska, kun taas toinen saattaa kokea sen loukkaavana itse\u00e4\u00e4n tai jotakuta muuta kohtaan. Huomattavaa kuitenkin on se, ett\u00e4 kun henkil\u00f6 kokee tilanteen, jossa h\u00e4nen mielest\u00e4\u00e4n tapahtuu h\u00e4irint\u00e4\u00e4, siit\u00e4 j\u00e4\u00e4 ep\u00e4miellytt\u00e4v\u00e4 olo.<\/p>\n<p>Matkailutoimittajien Kilta haluaa CoC:ssa t\u00e4sment\u00e4\u00e4, ett\u00e4 Kilta ei salli syrjiv\u00e4\u00e4, ep\u00e4asiallista tai h\u00e4iritsev\u00e4\u00e4 k\u00e4yt\u00f6st\u00e4, ei tapahtumissa, kokouksissa tai sosiaalisessa mediassa. Jos koet syrjiv\u00e4\u00e4, loukkaavaa tai h\u00e4iritsev\u00e4\u00e4 k\u00e4yt\u00f6st\u00e4 its\u00e4si kohtaan tai n\u00e4et sit\u00e4 teht\u00e4v\u00e4n toista kohtaan, ole yhteydess\u00e4 Killan hallitukseen.<\/p>\n<h3>Alkoholink\u00e4ytt\u00f6 tilaisuuksissa ja tapahtumissa<\/h3>\n<p>Alkoholin k\u00e4ytt\u00f6 tai k\u00e4ytt\u00e4m\u00e4tt\u00f6myys on jokaisen oma valinta, eik\u00e4 kenenk\u00e4\u00e4n valintaa tule ihmetell\u00e4 tai arvostella. Kuitenkin tulee muistaa, ett\u00e4 alkoholin vaikutuksen alaisena voi tapahtua ylily\u00f6ntej\u00e4 ja noloja tilanteita. Jokainen on vastuussa omasta k\u00e4yt\u00f6ksest\u00e4\u00e4n. Matkailutoimittajien Killan omissa tilaisuuksissa ja matkoilla edustamme itsemme lis\u00e4ksi my\u00f6s Kiltaa yhteisty\u00f6kumppaneillemme ja sidosryhmillemme, joten alkoholin k\u00e4ytt\u00f6 tulisi olla sellaista, ettei ylily\u00f6ntej\u00e4 ja ylim\u00e4\u00e4r\u00e4ist\u00e4 vaivaa kenellek\u00e4\u00e4n tule.<\/p>\n<h3>K\u00e4yt\u00f6s sosiaalisessa mediassa<\/h3>\n<p>Sosiaalinen media on osa Matkailutoimittajien Killan toimintaa. Keskusteluryhm\u00e4t ja sosiaalisen median tilit toimivat yhteisen\u00e4 viestint\u00e4kanavana niin virallisesti kuin ep\u00e4virallisesti.<\/p>\n<p>Facebookissa on Matkailutoimittajien Killan j\u00e4senten vapaamuotoinen keskusteluryhm\u00e4, jossa kiltalaiset kohtaavat digitaalisessa maailmassa joko ty\u00f6n tai vapaa-ajan merkeiss\u00e4, Instagramissa Matkailutoimittajien Killalla on julkinen tili. Molemmissa asiallinen kommentointi sallittu, henkil\u00f6\u00f6n menev\u00e4t asiattomuudet tulkitaan ryhm\u00e4n s\u00e4\u00e4nt\u00f6rikkomukseksi, yll\u00e4pito poistaa enempi\u00e4 kommentoimatta s\u00e4\u00e4nt\u00f6jen vastaisen yksitt\u00e4isen postauksen. Ryhm\u00e4ss\u00e4 kunnioitetaan muita ja muiden mielipiteit\u00e4, yll\u00e4pito m\u00e4\u00e4rittelee lopulta aina viimeisimm\u00e4n sanan ja rajat, joten ongelmatapauksissa tai kysymyksiss\u00e4 ota yhteytt\u00e4 yll\u00e4pitoon. Toistuvasti s\u00e4\u00e4nt\u00f6j\u00e4 rikkovat poistetaan ja estet\u00e4\u00e4n ryhm\u00e4st\u00e4.<\/p>\n","protected":false},"excerpt":{"rendered":"<p>Matkailutoimittajien Killan toiminnan tarkoituksena on saada ihmiset erilaisista l\u00e4ht\u00f6kohdista yhteen saumattomasti. Jotta pystymme onnistumaan yhdistyksemme kehitt\u00e4misess\u00e4 nyt ja tulevaisuudessa, t\u00e4ytyy toimintaa rakentaa siten, ett\u00e4 kaikille toimijoille ja j\u00e4senist\u00f6llemme on selv\u00e4\u00e4, mink\u00e4laista k\u00e4yt\u00f6st\u00e4 heilt\u00e4 odotetaan ja millaisia s\u00e4\u00e4nt\u00f6j\u00e4 heid\u00e4n tulee noudattaa Matkailutoimittajien Killan toimintaan osallistumalla. Code of Conduct eli toimintaopas h\u00e4irint\u00e4\u00e4n ja ep\u00e4asialliseen k\u00e4ytt\u00e4ytymiseen puuttumiseen on<\/p>\n<div class=\"read-more\"><a href=\"https:\/\/www.matkailutoimittajienkilta.fi\/blog\/sample-page\/matkailutoimittajien-killan-code-of-conduct\/\" title=\"Read More\">Read More<\/a><\/div>\n","protected":false},"author":15,"featured_media":0,"parent":2,"menu_order":1,"comment_status":"closed","ping_status":"closed","template":"","meta":{"footnotes":""},"jetpack_sharing_enabled":true,"_links":{"self":[{"href":"https:\/\/www.matkailutoimittajienkilta.fi\/blog\/wp-json\/wp\/v2\/pages\/6058"}],"collection":[{"href":"https:\/\/www.matkailutoimittajienkilta.fi\/blog\/wp-json\/wp\/v2\/pages"}],"about":[{"href":"https:\/\/www.matkailutoimittajienkilta.fi\/blog\/wp-json\/wp\/v2\/types\/page"}],"author":[{"embeddable":true,"href":"https:\/\/www.matkailutoimittajienkilta.fi\/blog\/wp-json\/wp\/v2\/users\/15"}],"replies":[{"embeddable":true,"href":"https:\/\/www.matkailutoimittajienkilta.fi\/blog\/wp-json\/wp\/v2\/comments?post=6058"}],"version-history":[{"count":1,"href":"https:\/\/www.matkailutoimittajienkilta.fi\/blog\/wp-json\/wp\/v2\/pages\/6058\/revisions"}],"predecessor-version":[{"id":6059,"href":"https:\/\/www.matkailutoimittajienkilta.fi\/blog\/wp-json\/wp\/v2\/pages\/6058\/revisions\/6059"}],"up":[{"embeddable":true,"href":"https:\/\/www.matkailutoimittajienkilta.fi\/blog\/wp-json\/wp\/v2\/pages\/2"}],"wp:attachment":[{"href":"https:\/\/www.matkailutoimittajienkilta.fi\/blog\/wp-json\/wp\/v2\/media?parent=6058"}],"curies":[{"name":"wp","href":"https:\/\/api.w.org\/{rel}","templated":true}]}}