{"id":123,"date":"2017-09-20T09:40:12","date_gmt":"2017-09-20T07:40:12","guid":{"rendered":"http:\/\/35.156.251.224\/?page_id=123"},"modified":"2026-04-20T15:53:04","modified_gmt":"2026-04-20T13:53:04","slug":"kunnia-ja-kannattajajasenet","status":"publish","type":"page","link":"https:\/\/www.matkailutoimittajienkilta.fi\/blog\/kunnia-ja-kannattajajasenet\/","title":{"rendered":"Kunniaj\u00e4senet ja kannatusj\u00e4senet"},"content":{"rendered":"<h4><strong>KUNNIAJ\u00c4SENET \/ HONORARY MEMBERS<\/strong><\/h4>\n<p><strong>Eero Nokela\u00a0<\/strong><\/p>\n<p><strong>Rauni Vornanen\u00a0<\/strong><\/p>\n<p><strong>Raimo 0.Kojo<\/strong><\/p>\n<p><strong>Seppo J.Partanen\u00a0<\/strong><\/p>\n<h4><strong>KANNATUSJ\u00c4SENET \/ <\/strong><strong>SUPPORTING MEMBERS<\/strong><\/h4>\n<h4><strong>Finnair Oyj<br \/>\nHelin Matkat<\/strong><\/h4>\n<h4><strong>Olympia Kaukomatkatoimisto Oy<br \/>\n<\/strong><strong>Republic Oy<br \/>\n<\/strong><strong>SOK Matkailu- ja ravintolaketjuohjaus<\/strong><br \/>\n<strong>Suomen Hostellij\u00e4rjest\u00f6 ry<\/strong><br \/>\n<strong>Tallink Silja Oy<\/strong><br \/>\n<strong>Tj\u00e4reborg Oy<\/strong><br \/>\n<strong>Viking Line Abp<\/strong><br \/>\n<strong>Visit Finland \/ Business Finland<\/strong><br \/>\n<strong>Visit Tampere Oy<\/strong><\/h4>\n<h2 class=\"v1MsoNormal\"><b>Liity kannatusj\u00e4seneksi!\u00a0<\/b><\/h2>\n<p class=\"v1MsoNormal\">Haluatko tavoittaa yli sata media-ammattilaista ja olla mukana aktiivisessa yhteis\u00f6ss\u00e4?<\/p>\n<p class=\"v1MsoNormal\">Kannatusj\u00e4seneksi hyv\u00e4ksyt\u00e4\u00e4n sellaiset oikeuskelpoiset yhteis\u00f6t, jotka haluavat tukea yhdistyksen toimintaa ja luoda kontakteja toimialan asioita ty\u00f6ss\u00e4\u00e4n k\u00e4sitteleviin toimittajiin ja vaikuttajiin.<\/p>\n<p class=\"v1MsoNormal\">Killan j\u00e4senet ovat ammattijournalisteja ja valokuvaajia, jotka ty\u00f6skentelev\u00e4t matkailujournalismin parissa lehdist\u00f6ss\u00e4, s\u00e4hk\u00f6isess\u00e4 mediassa ja kirjallisuuden piiriss\u00e4.<\/p>\n<p class=\"v1MsoNormal\">Kilta on avannut ovensa my\u00f6s matkailualan vaikuttajille. Mediamaailman uudistuessa my\u00f6s meid\u00e4n yhdistyksemme pit\u00e4\u00e4 monikanavaisuutta t\u00e4rke\u00e4n\u00e4. Mukana on ammattitoimittajien lis\u00e4ksi my\u00f6s matkailuaiheisten blogien kirjoittajia ja somevaikuttajia.<\/p>\n<h2 class=\"v1MsoNormal\"><b>Kannatusj\u00e4senen edut<\/b><\/h2>\n<p class=\"v1MsoNormal\">Matkailutoimittajien kilta tarjoaa kannatusj\u00e4senilleen mahdollisuuden tavoittaa yli sata matkailua ty\u00f6ss\u00e4\u00e4n k\u00e4sittelev\u00e4\u00e4 media-ammattilaista ja vaikuttajaa.<\/p>\n<p class=\"v1MsoNormal\">Kannatusj\u00e4senten edut uudistuvat, ja syksyst\u00e4 2024 alkaen tarjoamme kaikille yhdistyksen kannatusj\u00e4senille vuosittaisen n\u00e4kyvyyspaketin. Paketti sis\u00e4lt\u00e4\u00e4 monipuoliset mahdollisuudet sek\u00e4 killan j\u00e4senten tavoittamiseen ett\u00e4 julkiseen n\u00e4kyvyyteen yhdistyksen kanavissa.<\/p>\n<h2 class=\"v1MsoNormal\"><b>Kannatusj\u00e4senen n\u00e4kyvyyspaketti 2025<\/b><\/h2>\n<ul type=\"disc\">\n<li class=\"v1MsoNormal\">N\u00e4kyvyys ja linkki killan verkkosivujen kumppanilistauksessa<\/li>\n<li class=\"v1MsoNormal\">Yritysesittely killan verkkosivuilla (1 000 \u2013 2 000 merkki\u00e4 + kuva\/logo)<\/li>\n<li class=\"v1MsoNormal\">Somepostaukset killan kanavissa 2 x vuodessa\n<ul type=\"circle\">\n<li class=\"v1MsoNormal\">Instagram (julkinen n\u00e4kyvyys)<\/li>\n<li class=\"v1MsoNormal\">Facebook (j\u00e4senten ryhm\u00e4)<\/li>\n<\/ul>\n<\/li>\n<li class=\"v1MsoNormal\">N\u00e4kyvyys killan uutiskirjeess\u00e4 2 x vuodessa\n<ul type=\"circle\">\n<li class=\"v1MsoNormal\">Vapaavalintainen uutinen tai mainos (500 \u2013 1 000 merkki\u00e4 tai jpg-muotoinen mainos 800 x 400 px + linkki)<\/li>\n<\/ul>\n<\/li>\n<li class=\"v1MsoNormal\">Mahdollisuus tiedotteiden ja kutsujen v\u00e4litt\u00e4miseen killan yli sadalle j\u00e4senelle<\/li>\n<li class=\"v1MsoNormal\">Mahdollisuus j\u00e4rjest\u00e4\u00e4 tai sponsoroida j\u00e4sentapahtumia killan j\u00e4senille\n<ul type=\"circle\">\n<li class=\"v1MsoNormal\">Yritysesittelyt<\/li>\n<li class=\"v1MsoNormal\">Kohdevierailut<\/li>\n<li class=\"v1MsoNormal\">Lehdist\u00f6matkat<\/li>\n<\/ul>\n<\/li>\n<\/ul>\n<p class=\"v1MsoNormal\">Vuoropuhelu toimialan kanssa on killalle t\u00e4rke\u00e4\u00e4. Tavoitteena on, ett\u00e4 yhdistyksemme olisi hy\u00f6dyllinen kumppani ja kannatusj\u00e4sentens\u00e4 tehokas kontaktipinta mediamaailmaan.<\/p>\n<p class=\"v1MsoNormal\">Kannatusj\u00e4senen j\u00e4senmaksu vuonna 2025 on 160 euroa. Matkailutoimittajien kilta ry on yleishy\u00f6dyllinen yhdistys.<\/p>\n<h2>IN ENGLISH<\/h2>\n<h2><strong>Join as a supporting member of the Finnish Guild of Travel Writers<\/strong><\/h2>\n<p>Would you like to reach more than a hundred media professionals and be involved in the community? Finnish Guild of Travel Writers is open for supporting members who want to endorse the Guild and create contacts with journalists and influencers who deal with the travel industry in their work.<\/p>\n<p>Members of the Finnish Guild of Travel Writers are professional journalists and photographers who work in travel journalism in the press, electronic media and literature. The Guild is also open for travel influencers. As the media world is changing, our association regards the importance of multi-channels. In addition to professional journalists, our members are also authors of travel-related blogs and social media influencers.<\/p>\n<h2><strong>Benefits of a supporting member<\/strong><\/h2>\n<p>The Finnish Guild of Travel Writers offers for its supporting members an opportunity to reach over a hundred media professionals and influencers who deal with tourism in their work.<\/p>\n<p>We are offering the supporting members of the Guild an annual visibility package, which includes versatile opportunities for reaching Guild members and public visibility on our association&#8217;s channels.<\/p>\n<p><strong>The package for supporting members includes<\/strong>:<\/p>\n<p><strong>The package for supporting members includes<\/strong>:<\/p>\n<ul>\n<li>Visibility and a link in the partner listing of the Guild&#8217;s website<\/li>\n<li>Company presentation on the Guild&#8217;s website (1000 \u2013 2000 characters + image\/logo)<\/li>\n<li>Social Media posts on the Guild\u2019s channels twice a year<\/li>\n<li>Instagram (public visibility)<\/li>\n<li>Facebook (closed group for members)<\/li>\n<li>Visibility in the Guilds newsletter twice a year<\/li>\n<li>News or advertisement (500 \u2013 1000 characters or jpg-photo, advertisement 800 x 400 px and a link<\/li>\n<li>The possibility of sending announcements and invitations to our members<\/li>\n<li>Possibility to organize or sponsor events for Guild members<\/li>\n<li>Company presentations<\/li>\n<li>Destination visits<\/li>\n<li>Press trips<\/li>\n<\/ul>\n<p>Dialogue with the industry is important to the Finnish Guild of Travel Writers. Our goal is to be a useful partner and an effective point of contact for its supporters in the media world.<\/p>\n<p>The membership fee for a support member in 2024 is 160 euros. The\u00a0 Finnish Guild of Travel Writers is non-profit association.<\/p>\n<div class=\"madpages_component\"><img loading=\"lazy\" decoding=\"async\" class=\"alignleft wp-image-5337\" src=\"https:\/\/i0.wp.com\/www.matkailutoimittajienkilta.fi\/blog\/wp-content\/uploads\/2023\/05\/Tradeka.png?resize=280%2C412&#038;ssl=1\" alt=\"\" width=\"280\" height=\"412\" srcset=\"https:\/\/i0.wp.com\/www.matkailutoimittajienkilta.fi\/blog\/wp-content\/uploads\/2023\/05\/Tradeka.png?resize=204%2C300&amp;ssl=1 204w, https:\/\/i0.wp.com\/www.matkailutoimittajienkilta.fi\/blog\/wp-content\/uploads\/2023\/05\/Tradeka.png?w=392&amp;ssl=1 392w\" sizes=\"(max-width: 280px) 100vw, 280px\" data-recalc-dims=\"1\" \/><\/div>\n","protected":false},"excerpt":{"rendered":"<p>KUNNIAJ\u00c4SENET \/ HONORARY MEMBERS Eero Nokela\u00a0 Rauni Vornanen\u00a0 Raimo 0.Kojo Seppo J.Partanen\u00a0 KANNATUSJ\u00c4SENET \/ SUPPORTING MEMBERS Finnair Oyj Helin Matkat Olympia Kaukomatkatoimisto Oy Republic Oy SOK Matkailu- ja ravintolaketjuohjaus Suomen Hostellij\u00e4rjest\u00f6 ry Tallink Silja Oy Tj\u00e4reborg Oy Viking Line Abp Visit Finland \/ Business Finland Visit Tampere Oy Liity kannatusj\u00e4seneksi!\u00a0 Haluatko tavoittaa yli sata media-ammattilaista<\/p>\n<div class=\"read-more\"><a href=\"https:\/\/www.matkailutoimittajienkilta.fi\/blog\/kunnia-ja-kannattajajasenet\/\" title=\"Read More\">Read More<\/a><\/div>\n","protected":false},"author":15,"featured_media":0,"parent":0,"menu_order":0,"comment_status":"closed","ping_status":"closed","template":"","meta":{"footnotes":""},"jetpack_sharing_enabled":true,"_links":{"self":[{"href":"https:\/\/www.matkailutoimittajienkilta.fi\/blog\/wp-json\/wp\/v2\/pages\/123"}],"collection":[{"href":"https:\/\/www.matkailutoimittajienkilta.fi\/blog\/wp-json\/wp\/v2\/pages"}],"about":[{"href":"https:\/\/www.matkailutoimittajienkilta.fi\/blog\/wp-json\/wp\/v2\/types\/page"}],"author":[{"embeddable":true,"href":"https:\/\/www.matkailutoimittajienkilta.fi\/blog\/wp-json\/wp\/v2\/users\/15"}],"replies":[{"embeddable":true,"href":"https:\/\/www.matkailutoimittajienkilta.fi\/blog\/wp-json\/wp\/v2\/comments?post=123"}],"version-history":[{"count":19,"href":"https:\/\/www.matkailutoimittajienkilta.fi\/blog\/wp-json\/wp\/v2\/pages\/123\/revisions"}],"predecessor-version":[{"id":6087,"href":"https:\/\/www.matkailutoimittajienkilta.fi\/blog\/wp-json\/wp\/v2\/pages\/123\/revisions\/6087"}],"wp:attachment":[{"href":"https:\/\/www.matkailutoimittajienkilta.fi\/blog\/wp-json\/wp\/v2\/media?parent=123"}],"curies":[{"name":"wp","href":"https:\/\/api.w.org\/{rel}","templated":true}]}}