{"id":121,"date":"2017-09-20T09:39:30","date_gmt":"2017-09-20T07:39:30","guid":{"rendered":"http:\/\/35.156.251.224\/?page_id=121"},"modified":"2025-04-02T13:07:01","modified_gmt":"2025-04-02T11:07:01","slug":"historia","status":"publish","type":"page","link":"https:\/\/www.matkailutoimittajienkilta.fi\/blog\/historia\/","title":{"rendered":"Historia"},"content":{"rendered":"<p>Matkailutoimittajien Kilta perustettiin 19. maaliskuuta 1969. Idean takana olivat herrat Erkki Reima ja Heikki T. Lehmusto Suomen Matkailuliitosta sek\u00e4 O. Ensio J\u00e4\u00e4skel\u00e4inen Finnairilta. Perustamiskokouksessa oli mukana 11 matkailualan ammattilaista. Yhdistyksen ideana oli koota yhteen tiedottajia ja toimittajia, teemana kotimaan matkailu. 1969 j\u00e4senm\u00e4\u00e4r\u00e4 oli 22, vuonna 1988 jo 114. Vuoden 2010 alussa j\u00e4seni\u00e4 oli 110. Vuoden 2025 alkupuolelle j\u00e4seni\u00e4 on 113.<\/p>\n","protected":false},"excerpt":{"rendered":"<p>Matkailutoimittajien Kilta perustettiin 19. maaliskuuta 1969. Idean takana olivat herrat Erkki Reima ja Heikki T. Lehmusto Suomen Matkailuliitosta sek\u00e4 O. Ensio J\u00e4\u00e4skel\u00e4inen Finnairilta. Perustamiskokouksessa oli mukana 11 matkailualan ammattilaista. Yhdistyksen ideana oli koota yhteen tiedottajia ja toimittajia, teemana kotimaan matkailu. 1969 j\u00e4senm\u00e4\u00e4r\u00e4 oli 22, vuonna 1988 jo 114. Vuoden 2010 alussa j\u00e4seni\u00e4 oli 110. Vuoden<\/p>\n<div class=\"read-more\"><a href=\"https:\/\/www.matkailutoimittajienkilta.fi\/blog\/historia\/\" title=\"Read More\">Read More<\/a><\/div>\n","protected":false},"author":15,"featured_media":0,"parent":0,"menu_order":0,"comment_status":"closed","ping_status":"closed","template":"","meta":{"footnotes":""},"jetpack_sharing_enabled":true,"_links":{"self":[{"href":"https:\/\/www.matkailutoimittajienkilta.fi\/blog\/wp-json\/wp\/v2\/pages\/121"}],"collection":[{"href":"https:\/\/www.matkailutoimittajienkilta.fi\/blog\/wp-json\/wp\/v2\/pages"}],"about":[{"href":"https:\/\/www.matkailutoimittajienkilta.fi\/blog\/wp-json\/wp\/v2\/types\/page"}],"author":[{"embeddable":true,"href":"https:\/\/www.matkailutoimittajienkilta.fi\/blog\/wp-json\/wp\/v2\/users\/15"}],"replies":[{"embeddable":true,"href":"https:\/\/www.matkailutoimittajienkilta.fi\/blog\/wp-json\/wp\/v2\/comments?post=121"}],"version-history":[{"count":3,"href":"https:\/\/www.matkailutoimittajienkilta.fi\/blog\/wp-json\/wp\/v2\/pages\/121\/revisions"}],"predecessor-version":[{"id":6040,"href":"https:\/\/www.matkailutoimittajienkilta.fi\/blog\/wp-json\/wp\/v2\/pages\/121\/revisions\/6040"}],"wp:attachment":[{"href":"https:\/\/www.matkailutoimittajienkilta.fi\/blog\/wp-json\/wp\/v2\/media?parent=121"}],"curies":[{"name":"wp","href":"https:\/\/api.w.org\/{rel}","templated":true}]}}